{"id":13,"date":"2024-07-30T08:42:14","date_gmt":"2024-07-30T08:42:14","guid":{"rendered":"https:\/\/elinkslogistics.com\/?page_id=13"},"modified":"2025-09-13T09:07:55","modified_gmt":"2025-09-13T09:07:55","slug":"lien-he","status":"publish","type":"page","link":"https:\/\/elinkslogistics.com\/index.php\/lien-he\/","title":{"rendered":"Li\u00ean h\u1ec7"},"content":{"rendered":"<div class=\"row\"  id=\"row-910794004\">\n\n\t<div id=\"col-166773073\" class=\"col medium-6 small-12 large-6\"  >\n\t\t\t\t<div class=\"col-inner\"  >\n\t\t\t\n\t\t\t\n<h3>Th\u00f4ng tin li\u00ean h\u1ec7<\/h3>\n<p><i class=\"fas fa-location-dot\"><\/i>\u00a0\u0110\u1ecba ch\u1ec9: S\u1ed1 25, Li\u1ec1n k\u1ec1 30, Khu \u0111\u00f4 th\u1ecb \u0110\u00f4ng S\u01a1n, Ph\u01b0\u1eddng An H\u01b0ng, TP.Thanh Ho\u00e1, Vi\u1ec7t Nam<br \/>\n<i class=\"fas fa-envelope\"><\/i>\u00a0Email: info@elinkslogistics.com<\/p>\n<p><strong>Miss Ng\u1ecdc Anh<\/strong><br \/>\n<i class=\"fas fa-phone\"><\/i>\u00a0+84(0)375 699 622<br \/>\n<i class=\"fas fa-envelope\"><\/i>\u00a0ngocanh@elinkslogistics.com<\/p>\n<p><strong>Miss T\u00fa<\/strong><br \/>\n<i class=\"fas fa-phone\"><\/i>\u00a0+84(0)943 823 143<br \/>\n<i class=\"fas fa-envelope\"><\/i>\u00a0letu@elinkslogistics.com<\/p>\n<p><strong>Mr. T\u00f9ng Nguy\u1ec5n ( Jonh )<\/strong><\/p>\n<p>+84(0)918 40 1368<br \/>\n<i class=\"fas fa-envelope\"><\/i>jonh@elinkslogistics.com<\/p>\n\t<div class=\"img has-hover x md-x lg-x y md-y lg-y\" id=\"image_722426540\">\n\t\t\t\t\t\t\t\t<div class=\"img-inner dark\" >\n\t\t\t<img loading=\"lazy\" decoding=\"async\" width=\"576\" height=\"579\" src=\"https:\/\/elinkslogistics.com\/wp-content\/uploads\/2024\/08\/z5703768763117_edde1724f22a29b7e7aaa88080a60d63.jpg\" class=\"attachment-large size-large\" alt=\"\" srcset=\"https:\/\/elinkslogistics.com\/wp-content\/uploads\/2024\/08\/z5703768763117_edde1724f22a29b7e7aaa88080a60d63.jpg 576w, https:\/\/elinkslogistics.com\/wp-content\/uploads\/2024\/08\/z5703768763117_edde1724f22a29b7e7aaa88080a60d63-298x300.jpg 298w, https:\/\/elinkslogistics.com\/wp-content\/uploads\/2024\/08\/z5703768763117_edde1724f22a29b7e7aaa88080a60d63-150x150.jpg 150w\" sizes=\"auto, (max-width: 576px) 100vw, 576px\" \/>\t\t\t\t\t\t\n\t\t\t\t\t<\/div>\n\t\t\t\t\t\t\t\t\n<style>\n#image_722426540 {\n  width: 30%;\n}\n<\/style>\n\t<\/div>\n\t\n\t\t<\/div>\n\t\t\t\t\t<\/div>\n\n\t\n\n\t<div id=\"col-923217205\" class=\"col medium-6 small-12 large-6\"  >\n\t\t\t\t<div class=\"col-inner\"  >\n\t\t\t\n\t\t\t\n<h3>\u0110\u1ecba Ch\u1ec9 Chi Nh\u00e1nh<\/h3>\n<p><strong><i class=\"fas fa-location-dot\"><\/i>\u00a0Ho Chi Minh Branch:<\/strong>\u00a06th flr, 9-11 Nguy\u1ec5n V\u0103n Th\u1ee7, \u0110a Kao, Qu\u1eadn 1, TP HCM.<\/p>\n<p><strong><i class=\"fas fa-location-dot\"><\/i>\u00a0Thanh Hoa Branch:<\/strong>\u00a0S\u1ed1 25, Li\u1ec1n k\u1ec1 30, K\u0110T \u0110\u00f4ng S\u01a1n, Ph\u01b0\u1eddng An H\u01b0ng, TP. Thanh Ho\u00e1.<\/p>\n<p><strong><i class=\"fas fa-location-dot\"><\/i>\u00a0Bac Ninh Branch:<\/strong>\u00a0T\u00f2a VNPT s\u1ed1 33 L\u00fd Th\u1ea3i T\u1ed5, Ph\u01b0\u1eddng Ninh X\u00e1, TP. B\u1eafc Ninh.<\/p>\n<p><strong><i class=\"fas fa-location-dot\"><\/i>\u00a0Nghe An Branch:<\/strong>\u00a0S\u1ed1 106B, Nguy\u1ec5n Sinh S\u1eafc, K11 Ph\u01b0\u1eddng C\u1eeda Nam, TP Vinh, T\u1ec9nh Ngh\u1ec7 An.<\/p>\n<p><strong><i class=\"fas fa-location-dot\"><\/i>\u00a0Hai Phong Branch:<\/strong>\u00a0T\u00f2a nh\u00e0 Central Tower, S\u1ed1 43 Quang Trung, Qu\u1eadn H\u1ed3ng B\u00e0ng, TP H\u1ea3i Ph\u00f2ng.<\/p>\n\t\t<\/div>\n\t\t\t\t\t<\/div>\n\n\t\n<\/div>\n","protected":false},"excerpt":{"rendered":"","protected":false},"author":1,"featured_media":0,"parent":0,"menu_order":0,"comment_status":"closed","ping_status":"closed","template":"","meta":{"footnotes":""},"class_list":["post-13","page","type-page","status-publish","hentry"],"_links":{"self":[{"href":"https:\/\/elinkslogistics.com\/index.php\/wp-json\/wp\/v2\/pages\/13","targetHints":{"allow":["GET"]}}],"collection":[{"href":"https:\/\/elinkslogistics.com\/index.php\/wp-json\/wp\/v2\/pages"}],"about":[{"href":"https:\/\/elinkslogistics.com\/index.php\/wp-json\/wp\/v2\/types\/page"}],"author":[{"embeddable":true,"href":"https:\/\/elinkslogistics.com\/index.php\/wp-json\/wp\/v2\/users\/1"}],"replies":[{"embeddable":true,"href":"https:\/\/elinkslogistics.com\/index.php\/wp-json\/wp\/v2\/comments?post=13"}],"version-history":[{"count":6,"href":"https:\/\/elinkslogistics.com\/index.php\/wp-json\/wp\/v2\/pages\/13\/revisions"}],"predecessor-version":[{"id":150,"href":"https:\/\/elinkslogistics.com\/index.php\/wp-json\/wp\/v2\/pages\/13\/revisions\/150"}],"wp:attachment":[{"href":"https:\/\/elinkslogistics.com\/index.php\/wp-json\/wp\/v2\/media?parent=13"}],"curies":[{"name":"wp","href":"https:\/\/api.w.org\/{rel}","templated":true}]}}